{"id":757,"date":"2023-10-25T14:20:34","date_gmt":"2023-10-25T12:20:34","guid":{"rendered":"https:\/\/www.caiarossa.com\/territorio\/"},"modified":"2024-05-07T09:57:58","modified_gmt":"2024-05-07T07:57:58","slug":"terroir","status":"publish","type":"page","link":"https:\/\/www.caiarossa.com\/fr\/terroir\/","title":{"rendered":"Terroir"},"content":{"rendered":"","protected":false},"excerpt":{"rendered":"","protected":false},"author":1,"featured_media":0,"parent":0,"menu_order":0,"comment_status":"closed","ping_status":"closed","template":"","meta":{"footnotes":""},"acf":[],"yoast_head":"<!-- This site is optimized with the Yoast SEO plugin v22.1 - https:\/\/yoast.com\/wordpress\/plugins\/seo\/ -->\n<title>Terroir - CAIAROSSA Riparbella Toscane<\/title>\n<meta name=\"description\" content=\"Gr\u00e2ce \u00e0 son microclimat, typique de la c\u00f4te toscane, elle est devenue un haut lieu viticole.\" \/>\n<meta name=\"robots\" content=\"index, follow, max-snippet:-1, max-image-preview:large, max-video-preview:-1\" \/>\n<link rel=\"canonical\" href=\"https:\/\/www.caiarossa.com\/fr\/terroir\/\" \/>\n<meta property=\"og:locale\" content=\"fr_FR\" \/>\n<meta property=\"og:type\" content=\"article\" \/>\n<meta property=\"og:title\" content=\"Terroir - CAIAROSSA Riparbella Toscane\" \/>\n<meta property=\"og:description\" content=\"Gr\u00e2ce \u00e0 son microclimat, typique de la c\u00f4te toscane, elle est devenue un haut lieu viticole.\" \/>\n<meta property=\"og:url\" content=\"https:\/\/www.caiarossa.com\/fr\/terroir\/\" \/>\n<meta property=\"og:site_name\" content=\"CAIAROSSA Riparbella Toscana\" \/>\n<meta property=\"article:modified_time\" content=\"2024-05-07T07:57:58+00:00\" \/>\n<meta name=\"twitter:card\" content=\"summary_large_image\" \/>\n<script type=\"application\/ld+json\" class=\"yoast-schema-graph\">{\"@context\":\"https:\/\/schema.org\",\"@graph\":[{\"@type\":\"WebPage\",\"@id\":\"https:\/\/www.caiarossa.com\/fr\/terroir\/\",\"url\":\"https:\/\/www.caiarossa.com\/fr\/terroir\/\",\"name\":\"Terroir - CAIAROSSA Riparbella Toscane\",\"isPartOf\":{\"@id\":\"https:\/\/www.caiarossa.com\/en\/#website\"},\"datePublished\":\"2023-10-25T12:20:34+00:00\",\"dateModified\":\"2024-05-07T07:57:58+00:00\",\"description\":\"Gr\u00e2ce \u00e0 son microclimat, typique de la c\u00f4te toscane, elle est devenue un haut lieu viticole.\",\"breadcrumb\":{\"@id\":\"https:\/\/www.caiarossa.com\/fr\/terroir\/#breadcrumb\"},\"inLanguage\":\"fr-FR\",\"potentialAction\":[{\"@type\":\"ReadAction\",\"target\":[\"https:\/\/www.caiarossa.com\/fr\/terroir\/\"]}]},{\"@type\":\"BreadcrumbList\",\"@id\":\"https:\/\/www.caiarossa.com\/fr\/terroir\/#breadcrumb\",\"itemListElement\":[{\"@type\":\"ListItem\",\"position\":1,\"name\":\"Home\",\"item\":\"https:\/\/www.caiarossa.com\/fr\/\"},{\"@type\":\"ListItem\",\"position\":2,\"name\":\"Terroir\"}]},{\"@type\":\"WebSite\",\"@id\":\"https:\/\/www.caiarossa.com\/en\/#website\",\"url\":\"https:\/\/www.caiarossa.com\/en\/\",\"name\":\"CAIAROSSA Riparbella Toscana\",\"description\":\"\",\"potentialAction\":[{\"@type\":\"SearchAction\",\"target\":{\"@type\":\"EntryPoint\",\"urlTemplate\":\"https:\/\/www.caiarossa.com\/en\/?s={search_term_string}\"},\"query-input\":\"required name=search_term_string\"}],\"inLanguage\":\"fr-FR\"}]}<\/script>\n<!-- \/ Yoast SEO plugin. -->","yoast_head_json":{"title":"Terroir - CAIAROSSA Riparbella Toscane","description":"Gr\u00e2ce \u00e0 son microclimat, typique de la c\u00f4te toscane, elle est devenue un haut lieu viticole.","robots":{"index":"index","follow":"follow","max-snippet":"max-snippet:-1","max-image-preview":"max-image-preview:large","max-video-preview":"max-video-preview:-1"},"canonical":"https:\/\/www.caiarossa.com\/fr\/terroir\/","og_locale":"fr_FR","og_type":"article","og_title":"Terroir - CAIAROSSA Riparbella Toscane","og_description":"Gr\u00e2ce \u00e0 son microclimat, typique de la c\u00f4te toscane, elle est devenue un haut lieu viticole.","og_url":"https:\/\/www.caiarossa.com\/fr\/terroir\/","og_site_name":"CAIAROSSA Riparbella Toscana","article_modified_time":"2024-05-07T07:57:58+00:00","twitter_card":"summary_large_image","schema":{"@context":"https:\/\/schema.org","@graph":[{"@type":"WebPage","@id":"https:\/\/www.caiarossa.com\/fr\/terroir\/","url":"https:\/\/www.caiarossa.com\/fr\/terroir\/","name":"Terroir - CAIAROSSA Riparbella Toscane","isPartOf":{"@id":"https:\/\/www.caiarossa.com\/en\/#website"},"datePublished":"2023-10-25T12:20:34+00:00","dateModified":"2024-05-07T07:57:58+00:00","description":"Gr\u00e2ce \u00e0 son microclimat, typique de la c\u00f4te toscane, elle est devenue un haut lieu viticole.","breadcrumb":{"@id":"https:\/\/www.caiarossa.com\/fr\/terroir\/#breadcrumb"},"inLanguage":"fr-FR","potentialAction":[{"@type":"ReadAction","target":["https:\/\/www.caiarossa.com\/fr\/terroir\/"]}]},{"@type":"BreadcrumbList","@id":"https:\/\/www.caiarossa.com\/fr\/terroir\/#breadcrumb","itemListElement":[{"@type":"ListItem","position":1,"name":"Home","item":"https:\/\/www.caiarossa.com\/fr\/"},{"@type":"ListItem","position":2,"name":"Terroir"}]},{"@type":"WebSite","@id":"https:\/\/www.caiarossa.com\/en\/#website","url":"https:\/\/www.caiarossa.com\/en\/","name":"CAIAROSSA Riparbella Toscana","description":"","potentialAction":[{"@type":"SearchAction","target":{"@type":"EntryPoint","urlTemplate":"https:\/\/www.caiarossa.com\/en\/?s={search_term_string}"},"query-input":"required name=search_term_string"}],"inLanguage":"fr-FR"}]}},"_links":{"self":[{"href":"https:\/\/www.caiarossa.com\/fr\/wp-json\/wp\/v2\/pages\/757"}],"collection":[{"href":"https:\/\/www.caiarossa.com\/fr\/wp-json\/wp\/v2\/pages"}],"about":[{"href":"https:\/\/www.caiarossa.com\/fr\/wp-json\/wp\/v2\/types\/page"}],"author":[{"embeddable":true,"href":"https:\/\/www.caiarossa.com\/fr\/wp-json\/wp\/v2\/users\/1"}],"replies":[{"embeddable":true,"href":"https:\/\/www.caiarossa.com\/fr\/wp-json\/wp\/v2\/comments?post=757"}],"version-history":[{"count":2,"href":"https:\/\/www.caiarossa.com\/fr\/wp-json\/wp\/v2\/pages\/757\/revisions"}],"predecessor-version":[{"id":1756,"href":"https:\/\/www.caiarossa.com\/fr\/wp-json\/wp\/v2\/pages\/757\/revisions\/1756"}],"wp:attachment":[{"href":"https:\/\/www.caiarossa.com\/fr\/wp-json\/wp\/v2\/media?parent=757"}],"curies":[{"name":"wp","href":"https:\/\/api.w.org\/{rel}","templated":true}]}}