{"id":535,"date":"2023-10-09T09:39:57","date_gmt":"2023-10-09T07:39:57","guid":{"rendered":"https:\/\/www.caiarossa.com\/wines-e-more\/caiarossa\/"},"modified":"2026-01-22T16:10:06","modified_gmt":"2026-01-22T15:10:06","slug":"caiarossa","status":"publish","type":"product","link":"https:\/\/www.caiarossa.com\/fr\/wines-e-more\/caiarossa\/","title":{"rendered":"Caiarossa"},"excerpt":{"rendered":"","protected":false},"featured_media":1667,"parent":0,"menu_order":0,"template":"","product_cat":[],"acf":[],"yoast_head":"<!-- This site is optimized with the Yoast SEO plugin v22.1 - https:\/\/yoast.com\/wordpress\/plugins\/seo\/ -->\n<title>Caiarossa - IGT Vin Rouge Toscane - CAIAROSSA<\/title>\n<meta name=\"description\" content=\"Le c\u0153ur de notre vignoble historique, un vin profond et complexe avec une \u00e9l\u00e9gance italienne envo\u00fbtante. Caiarossa se distingue gr\u00e2ce \u00e0 l\u2019extraordinaire diversit\u00e9 de son terroir, de ses c\u00e9pages et \u00e0 notre attachement permanent \u00e0 la plus haute qualit\u00e9.\" \/>\n<meta name=\"robots\" content=\"index, follow, max-snippet:-1, max-image-preview:large, max-video-preview:-1\" \/>\n<link rel=\"canonical\" href=\"https:\/\/www.caiarossa.com\/fr\/wines-e-more\/caiarossa\/\" \/>\n<meta property=\"og:locale\" content=\"fr_FR\" \/>\n<meta property=\"og:type\" content=\"article\" \/>\n<meta property=\"og:title\" content=\"Caiarossa - IGT Vin Rouge Toscane - CAIAROSSA\" \/>\n<meta property=\"og:description\" content=\"Le c\u0153ur de notre vignoble historique, un vin profond et complexe avec une \u00e9l\u00e9gance italienne envo\u00fbtante. Caiarossa se distingue gr\u00e2ce \u00e0 l\u2019extraordinaire diversit\u00e9 de son terroir, de ses c\u00e9pages et \u00e0 notre attachement permanent \u00e0 la plus haute qualit\u00e9.\" \/>\n<meta property=\"og:url\" content=\"https:\/\/www.caiarossa.com\/fr\/wines-e-more\/caiarossa\/\" \/>\n<meta property=\"og:site_name\" content=\"CAIAROSSA Riparbella Toscana\" \/>\n<meta property=\"article:modified_time\" content=\"2026-01-22T15:10:06+00:00\" \/>\n<meta property=\"og:image\" content=\"https:\/\/www.caiarossa.com\/wp-content\/uploads\/2024\/01\/caiarossa-nuova-dim-ok.png\" \/>\n\t<meta property=\"og:image:width\" content=\"290\" \/>\n\t<meta property=\"og:image:height\" content=\"1190\" \/>\n\t<meta property=\"og:image:type\" content=\"image\/png\" \/>\n<meta name=\"twitter:card\" content=\"summary_large_image\" \/>\n<meta name=\"twitter:label1\" content=\"Dur\u00e9e de lecture estim\u00e9e\" \/>\n\t<meta name=\"twitter:data1\" content=\"1 minute\" \/>\n<script type=\"application\/ld+json\" class=\"yoast-schema-graph\">{\"@context\":\"https:\/\/schema.org\",\"@graph\":[{\"@type\":\"WebPage\",\"@id\":\"https:\/\/www.caiarossa.com\/fr\/wines-e-more\/caiarossa\/\",\"url\":\"https:\/\/www.caiarossa.com\/fr\/wines-e-more\/caiarossa\/\",\"name\":\"Caiarossa - IGT Vin Rouge Toscane - CAIAROSSA\",\"isPartOf\":{\"@id\":\"https:\/\/www.caiarossa.com\/en\/#website\"},\"datePublished\":\"2023-10-09T07:39:57+00:00\",\"dateModified\":\"2026-01-22T15:10:06+00:00\",\"description\":\"Le c\u0153ur de notre vignoble historique, un vin profond et complexe avec une \u00e9l\u00e9gance italienne envo\u00fbtante. Caiarossa se distingue gr\u00e2ce \u00e0 l\u2019extraordinaire diversit\u00e9 de son terroir, de ses c\u00e9pages et \u00e0 notre attachement permanent \u00e0 la plus haute qualit\u00e9.\",\"breadcrumb\":{\"@id\":\"https:\/\/www.caiarossa.com\/fr\/wines-e-more\/caiarossa\/#breadcrumb\"},\"inLanguage\":\"fr-FR\",\"potentialAction\":[{\"@type\":\"ReadAction\",\"target\":[\"https:\/\/www.caiarossa.com\/fr\/wines-e-more\/caiarossa\/\"]}]},{\"@type\":\"BreadcrumbList\",\"@id\":\"https:\/\/www.caiarossa.com\/fr\/wines-e-more\/caiarossa\/#breadcrumb\",\"itemListElement\":[{\"@type\":\"ListItem\",\"position\":1,\"name\":\"Home\",\"item\":\"https:\/\/www.caiarossa.com\/fr\/\"},{\"@type\":\"ListItem\",\"position\":2,\"name\":\"Prodotti\",\"item\":\"https:\/\/caiarossa.com\/it\/wines-e-more\/\"},{\"@type\":\"ListItem\",\"position\":3,\"name\":\"Caiarossa\"}]},{\"@type\":\"WebSite\",\"@id\":\"https:\/\/www.caiarossa.com\/en\/#website\",\"url\":\"https:\/\/www.caiarossa.com\/en\/\",\"name\":\"CAIAROSSA Riparbella Toscana\",\"description\":\"\",\"potentialAction\":[{\"@type\":\"SearchAction\",\"target\":{\"@type\":\"EntryPoint\",\"urlTemplate\":\"https:\/\/www.caiarossa.com\/en\/?s={search_term_string}\"},\"query-input\":\"required name=search_term_string\"}],\"inLanguage\":\"fr-FR\"}]}<\/script>\n<!-- \/ Yoast SEO plugin. -->","yoast_head_json":{"title":"Caiarossa - IGT Vin Rouge Toscane - CAIAROSSA","description":"Le c\u0153ur de notre vignoble historique, un vin profond et complexe avec une \u00e9l\u00e9gance italienne envo\u00fbtante. Caiarossa se distingue gr\u00e2ce \u00e0 l\u2019extraordinaire diversit\u00e9 de son terroir, de ses c\u00e9pages et \u00e0 notre attachement permanent \u00e0 la plus haute qualit\u00e9.","robots":{"index":"index","follow":"follow","max-snippet":"max-snippet:-1","max-image-preview":"max-image-preview:large","max-video-preview":"max-video-preview:-1"},"canonical":"https:\/\/www.caiarossa.com\/fr\/wines-e-more\/caiarossa\/","og_locale":"fr_FR","og_type":"article","og_title":"Caiarossa - IGT Vin Rouge Toscane - CAIAROSSA","og_description":"Le c\u0153ur de notre vignoble historique, un vin profond et complexe avec une \u00e9l\u00e9gance italienne envo\u00fbtante. Caiarossa se distingue gr\u00e2ce \u00e0 l\u2019extraordinaire diversit\u00e9 de son terroir, de ses c\u00e9pages et \u00e0 notre attachement permanent \u00e0 la plus haute qualit\u00e9.","og_url":"https:\/\/www.caiarossa.com\/fr\/wines-e-more\/caiarossa\/","og_site_name":"CAIAROSSA Riparbella Toscana","article_modified_time":"2026-01-22T15:10:06+00:00","og_image":[{"width":290,"height":1190,"url":"https:\/\/www.caiarossa.com\/wp-content\/uploads\/2024\/01\/caiarossa-nuova-dim-ok.png","type":"image\/png"}],"twitter_card":"summary_large_image","twitter_misc":{"Dur\u00e9e de lecture estim\u00e9e":"1 minute"},"schema":{"@context":"https:\/\/schema.org","@graph":[{"@type":"WebPage","@id":"https:\/\/www.caiarossa.com\/fr\/wines-e-more\/caiarossa\/","url":"https:\/\/www.caiarossa.com\/fr\/wines-e-more\/caiarossa\/","name":"Caiarossa - IGT Vin Rouge Toscane - CAIAROSSA","isPartOf":{"@id":"https:\/\/www.caiarossa.com\/en\/#website"},"datePublished":"2023-10-09T07:39:57+00:00","dateModified":"2026-01-22T15:10:06+00:00","description":"Le c\u0153ur de notre vignoble historique, un vin profond et complexe avec une \u00e9l\u00e9gance italienne envo\u00fbtante. Caiarossa se distingue gr\u00e2ce \u00e0 l\u2019extraordinaire diversit\u00e9 de son terroir, de ses c\u00e9pages et \u00e0 notre attachement permanent \u00e0 la plus haute qualit\u00e9.","breadcrumb":{"@id":"https:\/\/www.caiarossa.com\/fr\/wines-e-more\/caiarossa\/#breadcrumb"},"inLanguage":"fr-FR","potentialAction":[{"@type":"ReadAction","target":["https:\/\/www.caiarossa.com\/fr\/wines-e-more\/caiarossa\/"]}]},{"@type":"BreadcrumbList","@id":"https:\/\/www.caiarossa.com\/fr\/wines-e-more\/caiarossa\/#breadcrumb","itemListElement":[{"@type":"ListItem","position":1,"name":"Home","item":"https:\/\/www.caiarossa.com\/fr\/"},{"@type":"ListItem","position":2,"name":"Prodotti","item":"https:\/\/caiarossa.com\/it\/wines-e-more\/"},{"@type":"ListItem","position":3,"name":"Caiarossa"}]},{"@type":"WebSite","@id":"https:\/\/www.caiarossa.com\/en\/#website","url":"https:\/\/www.caiarossa.com\/en\/","name":"CAIAROSSA Riparbella Toscana","description":"","potentialAction":[{"@type":"SearchAction","target":{"@type":"EntryPoint","urlTemplate":"https:\/\/www.caiarossa.com\/en\/?s={search_term_string}"},"query-input":"required name=search_term_string"}],"inLanguage":"fr-FR"}]}},"_links":{"self":[{"href":"https:\/\/www.caiarossa.com\/fr\/wp-json\/wp\/v2\/product\/535"}],"collection":[{"href":"https:\/\/www.caiarossa.com\/fr\/wp-json\/wp\/v2\/product"}],"about":[{"href":"https:\/\/www.caiarossa.com\/fr\/wp-json\/wp\/v2\/types\/product"}],"wp:featuredmedia":[{"embeddable":true,"href":"https:\/\/www.caiarossa.com\/fr\/wp-json\/wp\/v2\/media\/1667"}],"wp:attachment":[{"href":"https:\/\/www.caiarossa.com\/fr\/wp-json\/wp\/v2\/media?parent=535"}],"wp:term":[{"taxonomy":"product_cat","embeddable":true,"href":"https:\/\/www.caiarossa.com\/fr\/wp-json\/wp\/v2\/product_cat?post=535"}],"curies":[{"name":"wp","href":"https:\/\/api.w.org\/{rel}","templated":true}]}}